{"id":120,"date":"2025-10-30T13:33:30","date_gmt":"2025-10-30T13:33:30","guid":{"rendered":"http:\/\/statuslibertatis.ong\/?page_id=120"},"modified":"2025-10-31T12:15:00","modified_gmt":"2025-10-31T12:15:00","slug":"areas-de-actuacao","status":"publish","type":"page","link":"https:\/\/statuslibertatis.ong\/?page_id=120","title":{"rendered":"\u00c1reas de Actua\u00e7\u00e3o"},"content":{"rendered":"\n\n\n\n\n\n","protected":false},"excerpt":{"rendered":"","protected":false},"author":1,"featured_media":0,"parent":0,"menu_order":0,"comment_status":"closed","ping_status":"closed","template":"full-width","meta":{"saved_in_kubio":true,"footnotes":"[]"},"class_list":["post-120","page","type-page","status-publish","hentry"],"kubio_ai_page_context":{"short_desc":"","purpose":"general"},"_links":{"self":[{"href":"https:\/\/statuslibertatis.ong\/index.php?rest_route=\/wp\/v2\/pages\/120","targetHints":{"allow":["GET"]}}],"collection":[{"href":"https:\/\/statuslibertatis.ong\/index.php?rest_route=\/wp\/v2\/pages"}],"about":[{"href":"https:\/\/statuslibertatis.ong\/index.php?rest_route=\/wp\/v2\/types\/page"}],"author":[{"embeddable":true,"href":"https:\/\/statuslibertatis.ong\/index.php?rest_route=\/wp\/v2\/users\/1"}],"replies":[{"embeddable":true,"href":"https:\/\/statuslibertatis.ong\/index.php?rest_route=%2Fwp%2Fv2%2Fcomments&post=120"}],"version-history":[{"count":10,"href":"https:\/\/statuslibertatis.ong\/index.php?rest_route=\/wp\/v2\/pages\/120\/revisions"}],"predecessor-version":[{"id":318,"href":"https:\/\/statuslibertatis.ong\/index.php?rest_route=\/wp\/v2\/pages\/120\/revisions\/318"}],"wp:attachment":[{"href":"https:\/\/statuslibertatis.ong\/index.php?rest_route=%2Fwp%2Fv2%2Fmedia&parent=120"}],"curies":[{"name":"wp","href":"https:\/\/api.w.org\/{rel}","templated":true}]}}